{"id":55,"date":"2020-06-15T12:25:21","date_gmt":"2020-06-15T12:25:21","guid":{"rendered":"http:\/\/veotec.izzi.studio\/?page_id=55"},"modified":"2022-01-20T08:59:30","modified_gmt":"2022-01-20T08:59:30","slug":"impressum","status":"publish","type":"page","link":"https:\/\/www.veo-tec.de\/en\/impressum\/","title":{"rendered":"Impressum"},"content":{"rendered":"<p><\/p>\n<p>VEOtec e.K.<br \/>\nWall\u00fccker Bahnweg 39a<br \/>\n32584 L\u00f6hne<br \/>\nDeutschland<\/p>\n<h3>Kontaktm\u00f6glichkeiten<\/h3>\n<p><strong>E-Mail-Adresse:<\/strong> info@veo-tec.de<br \/>\n<strong>Telefon:<\/strong> +49 5736 827859<br \/>\n<strong>Fax:<\/strong> +49 5736 6827860<br \/>\n<strong>Kontaktformular:<\/strong> www.veo-tec.de<\/p>\n<h3>Vertretungsberechtigte<\/h3>\n<p><strong>Vertretungsberechtigt:<\/strong> R\u00fcdiger Kr\u00f6mker (Inhaber)<\/p>\n<h3>Angaben zum Unternehmen<\/h3>\n<p><strong>Umsatzsteuer Identifikationsnummer (USt-ID):<\/strong> DE270938692<\/p>\n<h3>Register und Registernummer<\/h3>\n<p>Handelsregister<br \/>\n<strong>Gef\u00fchrt bei:<\/strong> Amtsgericht Bad Oeynhausen<br \/>\n<strong>Nummer:<\/strong> HRA 8946<\/p>\n<h3>Haftungs- und Urheberrechtshinweise<\/h3>\n<p><strong>Haftungsausschluss:<\/strong> Die Inhalte dieses Onlineangebotes wurden sorgf\u00e4ltig und nach unserem aktuellen Kenntnisstand erstellt, dienen jedoch nur der Information und entfalten keine rechtlich bindende Wirkung, sofern es sich nicht um gesetzlich verpflichtende Informationen (z.B. das Impressum, die Datenschutzerkl\u00e4rung, AGB oder verpflichtende Belehrungen von Verbrauchern) handelt. Wir behalten uns vor, die Inhalte vollst\u00e4ndig oder teilweise zu \u00e4ndern oder zu l\u00f6schen, soweit vertragliche Verpflichtungen unber\u00fchrt bleiben. Alle Angebote sind freibleibend und unverbindlich.<\/p>\n<p><strong>Links auf fremde Webseiten:<\/strong> Inhalte fremder Webseiten, auf die wir direkt oder indirekt verweisen, liegen au\u00dferhalb unseres Verantwortungsbereiches und machen wir uns nicht zu Eigen. F\u00fcr alle Inhalte und insbesondere f\u00fcr Sch\u00e4den, die aus der Nutzung der in den verlinkten Webseiten aufrufbaren Informationen entstehen, haftet allein der Anbieter der verlinkten Webseiten.<\/p>\n<p><strong>Urheberrechte und Markenrechte:<\/strong> Alle auf dieser Website dargestellten Inhalte, wie Texte, Fotografien, Grafiken, Marken und Warenzeichen sind durch die jeweiligen Schutzrechte (Urheberrechte, Markenrechte) gesch\u00fctzt. Die Verwendung, Vervielf\u00e4ltigung usw. unterliegen unseren Rechten oder den Rechten der jeweiligen Urheber bzw. Rechteverwalter.<\/p>\n<p>Erstellt mit kostenlosem Datenschutz-Generator.de von Dr. Thomas Schwenke<\/p>\n<p><\/p>","protected":false},"excerpt":{"rendered":"<p>VEOtec e.K. Wall\u00fccker Bahnweg 39a 32584 L\u00f6hne Deutschland Kontaktm\u00f6glichkeiten E-Mail-Adresse: info@veo-tec.de Telefon: +49 5736 827859 Fax: +49 5736 6827860 Kontaktformular: www.veo-tec.de Vertretungsberechtigte Vertretungsberechtigt: R\u00fcdiger Kr\u00f6mker (Inhaber) Angaben zum Unternehmen Umsatzsteuer Identifikationsnummer (USt-ID): DE270938692 Register und Registernummer Handelsregister Gef\u00fchrt bei: Amtsgericht Bad Oeynhausen Nummer: HRA 8946 Haftungs- und Urheberrechtshinweise Haftungsausschluss: Die Inhalte dieses Onlineangebotes wurden sorgf\u00e4ltig <a href=\"https:\/\/www.veo-tec.de\/en\/impressum\/\" class=\"more-link\">&#8230;<\/a><\/p>\n","protected":false},"author":1,"featured_media":0,"parent":0,"menu_order":0,"comment_status":"closed","ping_status":"closed","template":"","meta":{"inline_featured_image":false,"footnotes":""},"aioseo_notices":[],"_links":{"self":[{"href":"https:\/\/www.veo-tec.de\/en\/wp-json\/wp\/v2\/pages\/55"}],"collection":[{"href":"https:\/\/www.veo-tec.de\/en\/wp-json\/wp\/v2\/pages"}],"about":[{"href":"https:\/\/www.veo-tec.de\/en\/wp-json\/wp\/v2\/types\/page"}],"author":[{"embeddable":true,"href":"https:\/\/www.veo-tec.de\/en\/wp-json\/wp\/v2\/users\/1"}],"replies":[{"embeddable":true,"href":"https:\/\/www.veo-tec.de\/en\/wp-json\/wp\/v2\/comments?post=55"}],"version-history":[{"count":7,"href":"https:\/\/www.veo-tec.de\/en\/wp-json\/wp\/v2\/pages\/55\/revisions"}],"predecessor-version":[{"id":430,"href":"https:\/\/www.veo-tec.de\/en\/wp-json\/wp\/v2\/pages\/55\/revisions\/430"}],"wp:attachment":[{"href":"https:\/\/www.veo-tec.de\/en\/wp-json\/wp\/v2\/media?parent=55"}],"curies":[{"name":"wp","href":"https:\/\/api.w.org\/{rel}","templated":true}]}}